{"id":10553,"date":"2020-06-06T01:32:40","date_gmt":"2020-06-05T23:32:40","guid":{"rendered":"https:\/\/surajpedicure.nl\/?page_id=10553"},"modified":"2023-08-24T03:18:16","modified_gmt":"2023-08-24T01:18:16","slug":"cookiebeleid","status":"publish","type":"page","link":"https:\/\/www.surajpedicure.nl\/fr\/politique-en-matiere-de-cookies\/","title":{"rendered":"Politique en mati\u00e8re de cookies"},"content":{"rendered":"<div class=\"banner-grid-wrapper\">\n  <div id=\"banner-grid-1192390034\" class=\"banner-grid row row-grid row-collapse\" data-packery-options=\"\">\n                      \n\n<div class=\"col grid-col small-12 large-12 grid-col-1\" ><div class=\"col-inner\">\n\n<div class=\"slider-wrapper relative\" id=\"slider-335209149\" >\n    <div class=\"slider slider-type-fade slider-nav-circle slider-nav-large slider-nav-light slider-nav-outside slider-style-normal\"\n        data-flickity-options='{            \"cellAlign\": \"center\",            \"imagesLoaded\": true,            \"lazyLoad\": 1,            \"freeScroll\": false,            \"wrapAround\": true,            \"autoPlay\": 6000,            \"pauseAutoPlayOnHover\" : true,            \"prevNextButtons\": true,            \"contain\" : true,            \"adaptiveHeight\" : true,            \"dragThreshold\" : 10,            \"percentPosition\": true,            \"pageDots\": false,            \"rightToLeft\": false,            \"draggable\": true,            \"selectedAttraction\": 0.1,            \"parallax\" : 0,            \"friction\": 0.6        }'\n        >\n        \n\n\n  <div class=\"banner has-hover\" id=\"banner-183922547\">\n          <div class=\"banner-inner fill\">\n        <div class=\"banner-bg fill\" >\n            <img decoding=\"async\" width=\"1020\" height=\"679\" src=\"https:\/\/www.surajpedicure.nl\/wp-content\/uploads\/2020\/12\/shutterstock-143970364_1_orig-1024x682.jpg\" class=\"bg attachment-large size-large\" alt=\"\" title=\"\">                        <div class=\"overlay\"><\/div>            \n                    <\/div>\n\t\t\n        <div class=\"banner-layers container\">\n            <div class=\"fill banner-link\"><\/div>            \n\n   <div id=\"text-box-1318162450\" class=\"text-box banner-layer x15 md-x15 lg-x15 y10 md-y10 lg-y10 res-text\">\n                                <div class=\"text-box-content text dark\">\n              \n              <div class=\"text-inner text-left\">\n                  \n\n<h3 class=\"alt-font\" style=\"text-align: left;\">Qualit\u00e9.<\/h3>\n<h3 class=\"uppercase\" style=\"text-align: left;\"><span style=\"font-size: 100%;\"><strong>Nous d\u00e9fendons la qualit\u00e9.<\/strong><\/span><\/h3>\n<div class=\"is-divider divider clearfix\" ><\/div>\n\n\n              <\/div>\n           <\/div>\n                            \n<style>\n#text-box-1318162450 {\n  width: 80%;\n}\n#text-box-1318162450 .text-box-content {\n  font-size: 100%;\n}\n@media (min-width:550px) {\n  #text-box-1318162450 {\n    width: 36%;\n  }\n}\n<\/style>\n    <\/div>\n \n\n        <\/div>\n      <\/div>\n\n            \n<style>\n#banner-183922547 {\n  padding-top: 280px;\n}\n#banner-183922547 .overlay {\n  background-color: rgba(0, 0, 0, 0.06);\n}\n#banner-183922547 .banner-bg img {\n  object-position: 0% 18%;\n}\n<\/style>\n  <\/div>\n\n\n\n     <\/div>\n\n     <div class=\"loading-spin dark large centered\"><\/div>\n\n\t<\/div>\n\n\n\n<\/div><\/div>\n\n            <\/div>\n    <style>\n    #banner-grid-1192390034 .grid-col-1{height: 300px}\n    #banner-grid-1192390034 .grid-col-1-2{height: 150px}\n    #banner-grid-1192390034 .grid-col-1-3{height:100px}\n    #banner-grid-1192390034 .grid-col-2-3{height: 200px}\n    #banner-grid-1192390034 .grid-col-1-4{height: 75px}\n    #banner-grid-1192390034 .grid-col-3-4{height: 225px}\n\n\n    \n    \n\n  <\/style>\n    <\/div>\n  \n\t<div id=\"gap-1995933891\" class=\"gap-element clearfix\" style=\"display:block; height:auto;\">\n\t\t\n<style>\n#gap-1995933891 {\n  padding-top: 10px;\n}\n<\/style>\n\t<\/div>\n\t\n\n<h1>Politique en mati\u00e8re de cookies<\/h1>\n<h1 class=\"cookie-policy-h1\">Derni\u00e8re mise \u00e0 jour : 24-Aug-2023<\/h1>\n<p><strong>Qu'est-ce qu'un biscuit ?<\/strong><\/p>\n<p>Cette politique en mati\u00e8re de cookies explique ce que sont les cookies et comment nous les utilisons, quels types de cookies nous utilisons, quelles informations nous collectons \u00e0 l'aide des cookies et comment ces informations sont utilis\u00e9es, et comment g\u00e9rer les param\u00e8tres des cookies.<\/p>\n<p>Les cookies sont de petits fichiers texte utilis\u00e9s pour stocker de petits \u00e9l\u00e9ments d'information. Ils sont stock\u00e9s sur ton appareil lorsque le site web se charge dans ton navigateur. Ces cookies nous aident \u00e0 faire fonctionner correctement le site Web, \u00e0 le rendre plus s\u00fbr, \u00e0 fournir une meilleure exp\u00e9rience utilisateur, \u00e0 comprendre les performances du site Web et \u00e0 analyser ce qui fonctionne et les points \u00e0 am\u00e9liorer.<\/p>\n<p><strong>Comment utilisons-nous les cookies ?<\/strong><\/p>\n<p>Comme la plupart des services en ligne, notre site Internet utilise des cookies de premi\u00e8re partie et de tierce partie \u00e0 des fins diff\u00e9rentes. Les cookies tiers sont g\u00e9n\u00e9ralement n\u00e9cessaires au bon fonctionnement du site Internet et ne collectent pas de donn\u00e9es personnelles identifiables.<\/p>\n<p>Les cookies tiers utilis\u00e9s sur notre site Web sont principalement con\u00e7us pour comprendre comment le site Web fonctionne, comment tu interagis avec notre site Web, pour assurer la s\u00e9curit\u00e9 de nos services, pour diffuser des publicit\u00e9s pertinentes pour toi et, dans l'ensemble, pour te fournir une exp\u00e9rience utilisateur meilleure et am\u00e9lior\u00e9e et pour acc\u00e9l\u00e9rer tes interactions futures avec notre site Web.<\/p>\n<h5>Les cookies que nous utilisons<\/h5>\n<div class=\"cky-audit-table-element\">\u00a0<\/div>\n<p>\u00a0<\/p>\n<h5 style=\"margin-bottom: 20px;\">G\u00e9rer les cookies<\/h5>\n<p><a class=\"cky-banner-element\">Configuration des cookies<\/a><\/p>\n<div>\n<p>Tu peux modifier tes pr\u00e9f\u00e9rences en mati\u00e8re de cookies \u00e0 tout moment en cliquant sur le bouton ci-dessus. Cela te permettra de revenir sur la banni\u00e8re de consentement aux cookies et de modifier tes pr\u00e9f\u00e9rences ou de retirer ton consentement imm\u00e9diatement.<\/p>\n<p>De plus, les diff\u00e9rents navigateurs proposent diff\u00e9rentes m\u00e9thodes pour bloquer et supprimer les cookies utilis\u00e9s par les sites Internet. Tu peux modifier les param\u00e8tres de ton navigateur pour bloquer\/supprimer les cookies. Tu trouveras ci-dessous des liens vers des documents d'accompagnement sur la gestion et la suppression des cookies \u00e0 partir des principaux navigateurs web.<\/p>\n<p>Chrome : <a href=\"https:\/\/support.google.com\/accounts\/answer\/32050\" target=\"_blank\" rel=\"noopener noreferrer\">https:\/\/support.google.com\/accounts\/answer\/32050<\/a><\/p>\n<p>Safari : <a href=\"https:\/\/support.apple.com\/en-in\/guide\/safari\/sfri11471\/mac\" target=\"_blank\" rel=\"noopener noreferrer\">https:\/\/support.apple.com\/en-in\/guide\/safari\/sfri11471\/mac<\/a><\/p>\n<p>Firefox : <a href=\"https:\/\/support.mozilla.org\/en-US\/kb\/clear-cookies-and-site-data-firefox?redirectslug=delete-cookies-remove-info-websites-stored&amp;redirectlocale=en-US\" target=\"_blank\" rel=\"noopener noreferrer\">https:\/\/support.mozilla.org\/en-US\/kb\/clear-cookies-and-site-data-firefox?redirectslug=delete-cookies-remove-info-websites-stored&amp;redirectlocale=en-US<\/a><\/p>\n<p>Internet Explorer : <a href=\"https:\/\/support.microsoft.com\/en-us\/topic\/how-to-delete-cookie-files-in-internet-explorer-bca9446f-d873-78de-77ba-d42645fa52fc\" target=\"_blank\" rel=\"noopener noreferrer\">https:\/\/support.microsoft.com\/en-us\/topic\/how-to-delete-cookie-files-in-internet-explorer-bca9446f-d873-78de-77ba-d42645fa52fc<\/a><\/p>\n<p>Si tu utilises un autre navigateur web, consulte les documents d'aide officiels de ton navigateur.<\/p>\n<\/div>","protected":false},"excerpt":{"rendered":"","protected":false},"author":1,"featured_media":0,"parent":0,"menu_order":0,"comment_status":"closed","ping_status":"closed","template":"","meta":{"inline_featured_image":false,"footnotes":""},"class_list":["post-10553","page","type-page","status-publish","hentry"],"_links":{"self":[{"href":"https:\/\/www.surajpedicure.nl\/fr\/wp-json\/wp\/v2\/pages\/10553","targetHints":{"allow":["GET"]}}],"collection":[{"href":"https:\/\/www.surajpedicure.nl\/fr\/wp-json\/wp\/v2\/pages"}],"about":[{"href":"https:\/\/www.surajpedicure.nl\/fr\/wp-json\/wp\/v2\/types\/page"}],"author":[{"embeddable":true,"href":"https:\/\/www.surajpedicure.nl\/fr\/wp-json\/wp\/v2\/users\/1"}],"replies":[{"embeddable":true,"href":"https:\/\/www.surajpedicure.nl\/fr\/wp-json\/wp\/v2\/comments?post=10553"}],"version-history":[{"count":3,"href":"https:\/\/www.surajpedicure.nl\/fr\/wp-json\/wp\/v2\/pages\/10553\/revisions"}],"predecessor-version":[{"id":11829,"href":"https:\/\/www.surajpedicure.nl\/fr\/wp-json\/wp\/v2\/pages\/10553\/revisions\/11829"}],"wp:attachment":[{"href":"https:\/\/www.surajpedicure.nl\/fr\/wp-json\/wp\/v2\/media?parent=10553"}],"curies":[{"name":"wp","href":"https:\/\/api.w.org\/{rel}","templated":true}]}}