{"id":10553,"date":"2020-06-06T01:32:40","date_gmt":"2020-06-05T23:32:40","guid":{"rendered":"https:\/\/surajpedicure.nl\/?page_id=10553"},"modified":"2023-08-24T03:18:16","modified_gmt":"2023-08-24T01:18:16","slug":"cookiebeleid","status":"publish","type":"page","link":"https:\/\/www.surajpedicure.nl\/es\/politica-de-cookies\/","title":{"rendered":"Pol\u00edtica de cookies"},"content":{"rendered":"<div class=\"banner-grid-wrapper\">\n  <div id=\"banner-grid-1480787283\" class=\"banner-grid row row-grid row-collapse\" data-packery-options=\"\">\n                      \n\n<div class=\"col grid-col small-12 large-12 grid-col-1\" ><div class=\"col-inner\">\n\n<div class=\"slider-wrapper relative\" id=\"slider-269558609\" >\n    <div class=\"slider slider-type-fade slider-nav-circle slider-nav-large slider-nav-light slider-nav-outside slider-style-normal\"\n        data-flickity-options='{            \"cellAlign\": \"center\",            \"imagesLoaded\": true,            \"lazyLoad\": 1,            \"freeScroll\": false,            \"wrapAround\": true,            \"autoPlay\": 6000,            \"pauseAutoPlayOnHover\" : true,            \"prevNextButtons\": true,            \"contain\" : true,            \"adaptiveHeight\" : true,            \"dragThreshold\" : 10,            \"percentPosition\": true,            \"pageDots\": false,            \"rightToLeft\": false,            \"draggable\": true,            \"selectedAttraction\": 0.1,            \"parallax\" : 0,            \"friction\": 0.6        }'\n        >\n        \n\n\n  <div class=\"banner has-hover\" id=\"banner-392841114\">\n          <div class=\"banner-inner fill\">\n        <div class=\"banner-bg fill\" >\n            <img decoding=\"async\" width=\"1020\" height=\"679\" src=\"https:\/\/www.surajpedicure.nl\/wp-content\/uploads\/2020\/12\/shutterstock-143970364_1_orig-1024x682.jpg\" class=\"bg attachment-large size-large\" alt=\"\" title=\"\">                        <div class=\"overlay\"><\/div>            \n                    <\/div>\n\t\t\n        <div class=\"banner-layers container\">\n            <div class=\"fill banner-link\"><\/div>            \n\n   <div id=\"text-box-1726718595\" class=\"text-box banner-layer x15 md-x15 lg-x15 y10 md-y10 lg-y10 res-text\">\n                                <div class=\"text-box-content text dark\">\n              \n              <div class=\"text-inner text-left\">\n                  \n\n<h3 class=\"alt-font\" style=\"text-align: left;\">La calidad.<\/h3>\n<h3 class=\"uppercase\" style=\"text-align: left;\"><span style=\"font-size: 100%;\"><strong>Somos una empresa de calidad.<\/strong><\/span><\/h3>\n<div class=\"is-divider divider clearfix\" ><\/div>\n\n\n              <\/div>\n           <\/div>\n                            \n<style>\n#text-box-1726718595 {\n  width: 80%;\n}\n#text-box-1726718595 .text-box-content {\n  font-size: 100%;\n}\n@media (min-width:550px) {\n  #text-box-1726718595 {\n    width: 36%;\n  }\n}\n<\/style>\n    <\/div>\n \n\n        <\/div>\n      <\/div>\n\n            \n<style>\n#banner-392841114 {\n  padding-top: 280px;\n}\n#banner-392841114 .overlay {\n  background-color: rgba(0, 0, 0, 0.06);\n}\n#banner-392841114 .banner-bg img {\n  object-position: 0% 18%;\n}\n<\/style>\n  <\/div>\n\n\n\n     <\/div>\n\n     <div class=\"loading-spin dark large centered\"><\/div>\n\n\t<\/div>\n\n\n\n<\/div><\/div>\n\n            <\/div>\n    <style>\n    #banner-grid-1480787283 .grid-col-1{height: 300px}\n    #banner-grid-1480787283 .grid-col-1-2{height: 150px}\n    #banner-grid-1480787283 .grid-col-1-3{height:100px}\n    #banner-grid-1480787283 .grid-col-2-3{height: 200px}\n    #banner-grid-1480787283 .grid-col-1-4{height: 75px}\n    #banner-grid-1480787283 .grid-col-3-4{height: 225px}\n\n\n    \n    \n\n  <\/style>\n    <\/div>\n  \n\t<div id=\"gap-440225389\" class=\"gap-element clearfix\" style=\"display:block; height:auto;\">\n\t\t\n<style>\n#gap-440225389 {\n  padding-top: 10px;\n}\n<\/style>\n\t<\/div>\n\t\n\n<h1>Pol\u00edtica de cookies<\/h1>\n<h1 class=\"cookie-policy-h1\">\u00daltima actualizaci\u00f3n: 24-ago-2023<\/h1>\n<p><strong>\u00bfQu\u00e9 son las cookies?<\/strong><\/p>\n<p>Esta pol\u00edtica de cookies explica qu\u00e9 son las cookies y c\u00f3mo las utilizamos, qu\u00e9 tipos de cookies utilizamos, qu\u00e9 informaci\u00f3n recopilamos utilizando cookies y c\u00f3mo se utiliza esa informaci\u00f3n, y c\u00f3mo gestionar la configuraci\u00f3n de las cookies.<\/p>\n<p>Las cookies son peque\u00f1os archivos de texto que se utilizan para almacenar peque\u00f1as piezas de informaci\u00f3n. Se almacenan en tu dispositivo cuando el sitio web se carga en tu navegador. Estas cookies nos ayudan a hacer que el sitio web funcione correctamente, a hacerlo m\u00e1s seguro, a proporcionar una mejor experiencia al usuario, a entender c\u00f3mo funciona el sitio web y a analizar lo que funciona y lo que es necesario mejorar.<\/p>\n<p><strong>\u00bfC\u00f3mo utilizamos las cookies?<\/strong><\/p>\n<p>Como la mayor\u00eda de los servicios en l\u00ednea, nuestro sitio web utiliza cookies de origen y de terceros con distintos fines. Las cookies de terceros suelen ser necesarias para que el sitio web funcione correctamente y no recogen datos de identificaci\u00f3n personal.<\/p>\n<p>Las cookies de terceros utilizadas en nuestro sitio web est\u00e1n dise\u00f1adas principalmente para comprender c\u00f3mo funciona el sitio web, c\u00f3mo interact\u00faas con nuestro sitio web, para mantener la seguridad de nuestros servicios, para publicar anuncios relevantes para ti y, en definitiva, para proporcionarte una experiencia de usuario mejorada y agilizar tus futuras interacciones con nuestro sitio web.<\/p>\n<h5>Las cookies que utilizamos<\/h5>\n<div class=\"cky-audit-table-element\">\u00a0<\/div>\n<p>\u00a0<\/p>\n<h5 style=\"margin-bottom: 20px;\">Gestionar cookies<\/h5>\n<p><a class=\"cky-banner-element\">Configuraci\u00f3n de cookies<\/a><\/p>\n<div>\n<p>Puedes cambiar tus preferencias sobre cookies en cualquier momento haciendo clic en el bot\u00f3n de arriba. Esto te permitir\u00e1 volver a visitar el banner de consentimiento de cookies y cambiar tus preferencias o retirar tu consentimiento inmediatamente.<\/p>\n<p>Adem\u00e1s, los distintos navegadores ofrecen diferentes m\u00e9todos para bloquear y eliminar las cookies utilizadas por los sitios web. Puedes cambiar la configuraci\u00f3n de tu navegador para bloquear\/eliminar las cookies. A continuaci\u00f3n encontrar\u00e1s enlaces a documentos de apoyo sobre la gesti\u00f3n y eliminaci\u00f3n de cookies de los principales navegadores web.<\/p>\n<p>Cromo: <a href=\"https:\/\/support.google.com\/accounts\/answer\/32050\" target=\"_blank\" rel=\"noopener noreferrer\">https:\/\/support.google.com\/accounts\/answer\/32050<\/a><\/p>\n<p>Safari: <a href=\"https:\/\/support.apple.com\/en-in\/guide\/safari\/sfri11471\/mac\" target=\"_blank\" rel=\"noopener noreferrer\">https:\/\/support.apple.com\/en-in\/guide\/safari\/sfri11471\/mac<\/a><\/p>\n<p>Firefox: <a href=\"https:\/\/support.mozilla.org\/en-US\/kb\/clear-cookies-and-site-data-firefox?redirectslug=delete-cookies-remove-info-websites-stored&amp;redirectlocale=en-US\" target=\"_blank\" rel=\"noopener noreferrer\">https:\/\/support.mozilla.org\/en-US\/kb\/clear-cookies-and-site-data-firefox?redirectslug=delete-cookies-remove-info-websites-stored&amp;redirectlocale=en-US<\/a><\/p>\n<p>Internet Explorer: <a href=\"https:\/\/support.microsoft.com\/en-us\/topic\/how-to-delete-cookie-files-in-internet-explorer-bca9446f-d873-78de-77ba-d42645fa52fc\" target=\"_blank\" rel=\"noopener noreferrer\">https:\/\/support.microsoft.com\/en-us\/topic\/how-to-delete-cookie-files-in-internet-explorer-bca9446f-d873-78de-77ba-d42645fa52fc<\/a><\/p>\n<p>Si utilizas un navegador distinto, consulta los documentos oficiales de soporte de tu navegador.<\/p>\n<\/div>","protected":false},"excerpt":{"rendered":"","protected":false},"author":1,"featured_media":0,"parent":0,"menu_order":0,"comment_status":"closed","ping_status":"closed","template":"","meta":{"inline_featured_image":false,"footnotes":""},"class_list":["post-10553","page","type-page","status-publish","hentry"],"_links":{"self":[{"href":"https:\/\/www.surajpedicure.nl\/es\/wp-json\/wp\/v2\/pages\/10553","targetHints":{"allow":["GET"]}}],"collection":[{"href":"https:\/\/www.surajpedicure.nl\/es\/wp-json\/wp\/v2\/pages"}],"about":[{"href":"https:\/\/www.surajpedicure.nl\/es\/wp-json\/wp\/v2\/types\/page"}],"author":[{"embeddable":true,"href":"https:\/\/www.surajpedicure.nl\/es\/wp-json\/wp\/v2\/users\/1"}],"replies":[{"embeddable":true,"href":"https:\/\/www.surajpedicure.nl\/es\/wp-json\/wp\/v2\/comments?post=10553"}],"version-history":[{"count":3,"href":"https:\/\/www.surajpedicure.nl\/es\/wp-json\/wp\/v2\/pages\/10553\/revisions"}],"predecessor-version":[{"id":11829,"href":"https:\/\/www.surajpedicure.nl\/es\/wp-json\/wp\/v2\/pages\/10553\/revisions\/11829"}],"wp:attachment":[{"href":"https:\/\/www.surajpedicure.nl\/es\/wp-json\/wp\/v2\/media?parent=10553"}],"curies":[{"name":"wp","href":"https:\/\/api.w.org\/{rel}","templated":true}]}}