{"id":10515,"date":"2020-06-01T00:34:41","date_gmt":"2020-05-31T22:34:41","guid":{"rendered":"https:\/\/surajpedicure.nl\/?page_id=10515"},"modified":"2023-04-27T19:12:59","modified_gmt":"2023-04-27T17:12:59","slug":"contact","status":"publish","type":"page","link":"https:\/\/www.surajpedicure.nl\/es\/contacta-con\/","title":{"rendered":"Contacta con"},"content":{"rendered":"<div class=\"banner-grid-wrapper\">\n  <div id=\"banner-grid-1431557616\" class=\"banner-grid row row-grid row-collapse\" data-packery-options=\"\">\n                      \n\n<div class=\"col grid-col small-12 large-12 grid-col-1\" ><div class=\"col-inner box-shadow-3\">\n\n\n  <div class=\"banner has-hover\" id=\"banner-254931693\">\n          <div class=\"banner-inner fill\">\n        <div class=\"banner-bg fill\" >\n            <img decoding=\"async\" width=\"1020\" height=\"677\" src=\"https:\/\/www.surajpedicure.nl\/wp-content\/uploads\/2020\/12\/alternative-medicine-1327808_1920-1024x680.jpg\" class=\"bg attachment-large size-large\" alt=\"\" title=\"\">                        <div class=\"overlay\"><\/div>            \n                    <\/div>\n\t\t\n        <div class=\"banner-layers container\">\n            <div class=\"fill banner-link\"><\/div>            \n\n   <div id=\"text-box-883589619\" class=\"text-box banner-layer x10 md-x10 lg-x10 y10 md-y10 lg-y10 res-text\">\n                                <div class=\"text-box-content text dark\">\n              \n              <div class=\"text-inner text-left\">\n                  \n\n\t<div id=\"text-2803455620\" class=\"text\">\n\t\t\n\n<h3 class=\"alt-font\" style=\"text-align: left;\">La satisfacci\u00f3n del cliente.<\/h3>\n<h3 class=\"uppercase\" style=\"text-align: left;\"><span style=\"font-size: 100%;\"><strong>La satisfacci\u00f3n del cliente es nuestra m\u00e1xima prioridad.<\/strong><\/span><\/h3>\n\t\t\n<style>\n#text-2803455620 {\n  color: rgb(255,255,255);\n}\n#text-2803455620 > * {\n  color: rgb(255,255,255);\n}\n<\/style>\n\t<\/div>\n\t\n<div class=\"is-divider divider clearfix\" ><\/div>\n\n\n              <\/div>\n           <\/div>\n                            \n<style>\n#text-box-883589619 {\n  width: 80%;\n}\n#text-box-883589619 .text-box-content {\n  font-size: 100%;\n}\n@media (min-width:550px) {\n  #text-box-883589619 {\n    width: 52%;\n  }\n}\n<\/style>\n    <\/div>\n \n   <div id=\"text-box-1319761138\" class=\"text-box banner-layer x100 md-x100 lg-x100 y0 md-y0 lg-y0 res-text\">\n                                <div class=\"text-box-content text dark\">\n              \n              <div class=\"text-inner text-center\">\n                  \n\n<h6 class=\"uppercase\">Suraj Medical pedicura Delft<\/h6>\n\n              <\/div>\n           <\/div>\n                            \n<style>\n#text-box-1319761138 {\n  width: 16%;\n}\n#text-box-1319761138 .text-box-content {\n  font-size: 100%;\n}\n<\/style>\n    <\/div>\n \n\n        <\/div>\n      <\/div>\n\n            \n<style>\n#banner-254931693 {\n  padding-top: 280px;\n}\n#banner-254931693 .overlay {\n  background-color: rgba(0,0,0,.5);\n}\n#banner-254931693 .banner-bg img {\n  object-position: 0% 45%;\n}\n<\/style>\n  <\/div>\n\n\n\n<\/div><\/div>\n\n            <\/div>\n    <style>\n    #banner-grid-1431557616 .grid-col-1{height: 300px}\n    #banner-grid-1431557616 .grid-col-1-2{height: 150px}\n    #banner-grid-1431557616 .grid-col-1-3{height:100px}\n    #banner-grid-1431557616 .grid-col-2-3{height: 200px}\n    #banner-grid-1431557616 .grid-col-1-4{height: 75px}\n    #banner-grid-1431557616 .grid-col-3-4{height: 225px}\n\n\n    \n    \n\n  <\/style>\n    <\/div>\n  \n<div class=\"row\"  id=\"row-1831879773\">\n\n\n\t<div id=\"col-1063829467\" class=\"col medium-6 small-12 large-6\"  >\n\t\t\t\t<div class=\"col-inner\"  >\n\t\t\t\n\t\t\t\n\n<h1>Datos de contacto<\/h1>\n\n\t\t<div class=\"icon-box featured-box icon-box-left text-left is-large\"  >\n\t\t\t\t\t<div class=\"icon-box-img\" style=\"width: 39px\">\n\t\t\t\t<div class=\"icon\">\n\t\t\t\t\t<div class=\"icon-inner\" style=\"color:rgb(56, 182, 255);\">\n\t\t\t\t\t\t<img decoding=\"async\" width=\"300\" height=\"300\" src=\"https:\/\/www.surajpedicure.nl\/wp-content\/uploads\/2022\/01\/SMPUSER.svg\" class=\"attachment-medium size-medium\" alt=\"\" title=\"\">\t\t\t\t\t<\/div>\n\t\t\t\t<\/div>\n\t\t\t<\/div>\n\t\t\t\t<div class=\"icon-box-text last-reset\">\n\t\t\t<h5 class=\"uppercase\">Persona de contacto<\/h5>\t\t\t<h6>Bea Surajbali<\/h6>\t\t\t\n\n\t<div id=\"gap-1675369144\" class=\"gap-element clearfix\" style=\"display:block; height:auto;\">\n\t\t\n<style>\n#gap-1675369144 {\n  padding-top: 5px;\n}\n<\/style>\n\t<\/div>\n\t\n\n\n\t\t<\/div>\n\t<\/div>\n\t\n\t\n\n\t<a class=\"plain\" href=\"tel:0639145600\" >\t<div class=\"icon-box featured-box icon-box-left text-left is-large\"  >\n\t\t\t\t\t<div class=\"icon-box-img\" style=\"width: 39px\">\n\t\t\t\t<div class=\"icon\">\n\t\t\t\t\t<div class=\"icon-inner\" style=\"color:rgb(56, 182, 255);\">\n\t\t\t\t\t\t<img decoding=\"async\" width=\"300\" height=\"300\" src=\"https:\/\/www.surajpedicure.nl\/wp-content\/uploads\/2022\/01\/SMPTEL.svg\" class=\"attachment-medium size-medium\" alt=\"\" title=\"\">\t\t\t\t\t<\/div>\n\t\t\t\t<\/div>\n\t\t\t<\/div>\n\t\t\t\t<div class=\"icon-box-text last-reset\">\n\t\t\t<h5 class=\"uppercase\">tel\u00e9fono<\/h5>\t\t\t<h6>06 - 391 456 00<\/h6>\t\t\t\n\n\t<div id=\"gap-530910152\" class=\"gap-element clearfix\" style=\"display:block; height:auto;\">\n\t\t\n<style>\n#gap-530910152 {\n  padding-top: 5px;\n}\n<\/style>\n\t<\/div>\n\t\n\n\n\t\t<\/div>\n\t<\/div>\n\t<\/a>\n\t\n\n\t\t<div class=\"icon-box featured-box icon-box-left text-left is-large\"  >\n\t\t\t\t\t<div class=\"icon-box-img\" style=\"width: 39px\">\n\t\t\t\t<div class=\"icon\">\n\t\t\t\t\t<div class=\"icon-inner\" style=\"color:rgb(56, 182, 255);\">\n\t\t\t\t\t\t<img decoding=\"async\" width=\"300\" height=\"300\" src=\"https:\/\/www.surajpedicure.nl\/wp-content\/uploads\/2022\/01\/SMPMAIL.svg\" class=\"attachment-medium size-medium\" alt=\"\" title=\"\">\t\t\t\t\t<\/div>\n\t\t\t\t<\/div>\n\t\t\t<\/div>\n\t\t\t\t<div class=\"icon-box-text last-reset\">\n\t\t\t<h5 class=\"uppercase\">Correo electr\u00f3nico<\/h5>\t\t\t<h6>bea@surajpedicure.nl<\/h6>\t\t\t\n\n\t<div id=\"gap-547282643\" class=\"gap-element clearfix\" style=\"display:block; height:auto;\">\n\t\t\n<style>\n#gap-547282643 {\n  padding-top: 5px;\n}\n<\/style>\n\t<\/div>\n\t\n\n\n\t\t<\/div>\n\t<\/div>\n\t\n\t\n\n\t\t<\/div>\n\t\t\t\t\t<\/div>\n\n\t\n\n\t<div id=\"col-594211394\" class=\"col medium-6 small-12 large-6\"  >\n\t\t\t\t<div class=\"col-inner\"  >\n\t\t\t\n\t\t\t\n\n<h1>Descripci\u00f3n de la ruta<\/h1>\n\t<div id=\"text-3729754734\" class=\"text\">\n\t\t\n\n<p><iframe src=\"https:\/\/www.google.com\/maps\/embed?pb=!1m18!1m12!1m3!1d2456.5006071485363!2d4.353466615788046!3d51.99775527971862!2m3!1f0!2f0!3f0!3m2!1i1024!2i768!4f13.1!3m3!1m2!1s0x47c5b7d62ba5b8bb%3A0xf8e767be23603003!2sSuraj%20Medisch%20Pedicure!5e0!3m2!1snl!2snl!4v1620423529032!5m2!1snl!2snl\" width=\"600\" height=\"300\" style=\"border:0;\" allowfullscreen=\"\" loading=\"lazy\"><\/iframe><\/p>\n\t\t\n<style>\n#text-3729754734 {\n  text-align: center;\n}\n<\/style>\n\t<\/div>\n\t\n<h5>En la parte trasera de nuestro consultorio hay un amplio aparcamiento con mucho espacio para aparcar.<\/h5>\n\n\n\t\t<\/div>\n\t\t\t\t\t<\/div>\n\n\t\n\n<\/div>\n<h1>Formulario de contacto<\/h1>\n<p>Si no has encontrado lo que buscas en nuestro sitio web, nos gustar\u00eda saber de ti. Si rellenas el siguiente formulario, nos pondremos en contacto contigo lo antes posible.<\/p>\n<div class=\"frm_forms  with_frm_style frm_style_formidable-style\" id=\"frm_form_1_container\" >\n<form enctype=\"multipart\/form-data\" method=\"post\" class=\"frm-show-form\" id=\"form_contact-form\" action=\"\" >\n<div class=\"frm_form_fields\">\n<fieldset>\n<legend class=\"frm_screen_reader\">Contacta con nosotros<\/legend>\r\n\r\n<div class=\"frm_fields_container\">\n<input type=\"hidden\" name=\"frm_action\" value=\"create\" \/>\n<input type=\"hidden\" name=\"form_id\" value=\"1\" \/>\n<input type=\"hidden\" name=\"frm_hide_fields_1\" id=\"frm_hide_fields_1\" value=\"\" \/>\n<input type=\"hidden\" name=\"form_key\" value=\"contact-form\" \/>\n<input type=\"hidden\" name=\"item_meta[0]\" value=\"\" \/>\n<input type=\"hidden\" id=\"frm_submit_entry_1\" name=\"frm_submit_entry_1\" value=\"278641ffce\" \/><input type=\"hidden\" name=\"_wp_http_referer\" value=\"\/es\/wp-json\/wp\/v2\/pages\/10515\" \/><div id=\"frm_field_1_container\" class=\"frm_form_field form-field  frm_required_field frm_top_container frm_first frm_half\">\r\n    <label for=\"field_qh4icy\" id=\"field_qh4icy_label\" class=\"frm_primary_label\">Nombre\r\n        <span class=\"frm_required\">*<\/span>\r\n    <\/label>\r\n    <input type=\"text\" id=\"field_qh4icy\" name=\"item_meta[1]\" value=\"\"  data-reqmsg=\"Dit veld mag niet leeg zijn.\" aria-required=\"true\" data-invmsg=\"Name is ongeldig\" aria-invalid=\"false\"   aria-describedby=\"frm_desc_field_qh4icy\"\/>\r\n    <div class=\"frm_description\" id=\"frm_desc_field_qh4icy\">Por favor, introduce aqu\u00ed tu nombre.<\/div>\r\n    \r\n<\/div>\n<div id=\"frm_field_6_container\" class=\"frm_form_field form-field  frm_required_field frm_top_container frm_half\">\r\n    <label for=\"field_79pnm\" id=\"field_79pnm_label\" class=\"frm_primary_label\">Apellido\r\n        <span class=\"frm_required\">*<\/span>\r\n    <\/label>\r\n    <input type=\"text\" id=\"field_79pnm\" name=\"item_meta[6]\" value=\"\"  data-reqmsg=\"Dit veld mag niet leeg zijn.\" aria-required=\"true\" data-invmsg=\"Name is ongeldig\" aria-invalid=\"false\"   aria-describedby=\"frm_desc_field_79pnm\"\/>\r\n    <div class=\"frm_description\" id=\"frm_desc_field_79pnm\">Por favor, introduce tu apellido.<\/div>\r\n    \r\n<\/div>\n<div id=\"frm_field_3_container\" class=\"frm_form_field form-field  frm_required_field frm_top_container frm6 frm_first\">\r\n    <label for=\"field_29yf4d\" id=\"field_29yf4d_label\" class=\"frm_primary_label\">Correo electr\u00f3nico\r\n        <span class=\"frm_required\">*<\/span>\r\n    <\/label>\r\n    <input type=\"email\" id=\"field_29yf4d\" name=\"item_meta[3]\" value=\"\"  data-reqmsg=\"Dit veld mag niet leeg zijn.\" aria-required=\"true\" data-invmsg=\"Please enter a valid email address\" aria-invalid=\"false\"   aria-describedby=\"frm_desc_field_29yf4d\"\/>\r\n    <div class=\"frm_description\" id=\"frm_desc_field_29yf4d\">Introduce aqu\u00ed tu propia direcci\u00f3n de correo electr\u00f3nico.<\/div>\r\n    \r\n<\/div>\n<div id=\"frm_field_10_container\" class=\"frm_form_field form-field  frm_required_field frm_top_container frm6\">\r\n    <label for=\"field_5frk6\" id=\"field_5frk6_label\" class=\"frm_primary_label\">Tel\u00e9fono\r\n        <span class=\"frm_required\">*<\/span>\r\n    <\/label>\r\n    <input type=\"tel\" id=\"field_5frk6\" name=\"item_meta[10]\" value=\"\"  data-reqmsg=\"Dit veld mag niet leeg zijn.\" aria-required=\"true\" data-invmsg=\"Phone is ongeldig\" aria-invalid=\"false\" pattern=\"((\\+\\d{1,3}(-|.| )?\\(?\\d\\)?(-| |.)?\\d{1,5})|(\\(?\\d{2,6}\\)?))(-|.| )?(\\d{3,4})(-|.| )?(\\d{4})(( x| ext)\\d{1,5}){0,1}$\"   aria-describedby=\"frm_desc_field_5frk6\"\/>\r\n    <div class=\"frm_description\" id=\"frm_desc_field_5frk6\">Introduce aqu\u00ed tu n\u00famero de tel\u00e9fono.<\/div>\r\n    \r\n<\/div>\n<div id=\"frm_field_4_container\" class=\"frm_form_field form-field  frm_required_field frm_top_container frm_full\">\r\n    <label for=\"field_e6lis6\" id=\"field_e6lis6_label\" class=\"frm_primary_label\">Direcci\u00f3n\r\n        <span class=\"frm_required\">*<\/span>\r\n    <\/label>\r\n    <input type=\"text\" id=\"field_e6lis6\" name=\"item_meta[4]\" value=\"\"  data-reqmsg=\"Dit veld mag niet leeg zijn.\" aria-required=\"true\" data-invmsg=\"Subject is ongeldig\" aria-invalid=\"false\"   aria-describedby=\"frm_desc_field_e6lis6\"\/>\r\n    <div class=\"frm_description\" id=\"frm_desc_field_e6lis6\">Introduce aqu\u00ed los datos de tu direcci\u00f3n. Formato: nombre de la calle, n\u00famero de la casa, c\u00f3digo postal y ciudad.<\/div>\r\n    \r\n<\/div>\n<div id=\"frm_field_11_container\" class=\"frm_form_field form-field  frm_required_field frm_top_container frm_full\">\r\n    <label for=\"field_pf4r\" id=\"field_pf4r_label\" class=\"frm_primary_label\">Tema\r\n        <span class=\"frm_required\">*<\/span>\r\n    <\/label>\r\n    <input type=\"text\" id=\"field_pf4r\" name=\"item_meta[11]\" value=\"\"  data-reqmsg=\"Dit veld mag niet leeg zijn.\" aria-required=\"true\" data-invmsg=\"Subject is ongeldig\" aria-invalid=\"false\"   aria-describedby=\"frm_desc_field_pf4r\"\/>\r\n    <div class=\"frm_description\" id=\"frm_desc_field_pf4r\">Por favor, introduce tu tema aqu\u00ed.<\/div>\r\n    \r\n<\/div>\n<div id=\"frm_field_5_container\" class=\"frm_form_field form-field  frm_required_field frm_top_container frm_full\">\r\n    <label for=\"field_9jv0r1\" id=\"field_9jv0r1_label\" class=\"frm_primary_label\">Mensaje\r\n        <span class=\"frm_required\">*<\/span>\r\n    <\/label>\r\n    <textarea name=\"item_meta[5]\" id=\"field_9jv0r1\" rows=\"5\"  data-reqmsg=\"Dit veld mag niet leeg zijn.\" aria-required=\"true\" data-invmsg=\"Bericht no es v\u00e1lido\" aria-invalid=\"false\"   aria-describedby=\"frm_desc_field_9jv0r1\"><\/textarea>\r\n    <div class=\"frm_description\" id=\"frm_desc_field_9jv0r1\">Por favor, introduce aqu\u00ed tu pregunta\/observaciones.<\/div>\r\n    \r\n<\/div>\n<div id=\"frm_field_9_container\" class=\"frm_form_field form-field\">\n\t<div class=\"frm_submit\">\r\n\r\n<button class=\"frm_button_submit\" type=\"submit\"  >Env\u00edo<\/button>\r\n\r\n<\/div>\n<\/div>\n\t<input type=\"hidden\" name=\"item_key\" value=\"\" \/>\n\t\t\t<div id=\"frm_field_12_container\">\n\t\t\t<label for=\"field_sa66t\" >\n\t\t\t\tSi eres humano, deja este campo en blanco.\t\t\t<\/label>\n\t\t\t<input  id=\"field_sa66t\" type=\"text\" class=\"frm_form_field form-field frm_verify\" name=\"item_meta[12]\" value=\"\"  \/>\n\t\t<\/div>\n\t\t<input name=\"frm_state\" type=\"hidden\" value=\"kiMwNzu6Cd5IoqhzZ9ReP\/DVY6mePvxgvZXOlLrL2ho=\" \/><\/div>\n<\/fieldset>\n<\/div>\n\n<input type=\"hidden\" name=\"trp-form-language\" value=\"es\"\/><\/form>\n<\/div>","protected":false},"excerpt":{"rendered":"","protected":false},"author":1,"featured_media":0,"parent":0,"menu_order":0,"comment_status":"closed","ping_status":"closed","template":"","meta":{"inline_featured_image":false,"footnotes":""},"class_list":["post-10515","page","type-page","status-publish","hentry"],"_links":{"self":[{"href":"https:\/\/www.surajpedicure.nl\/es\/wp-json\/wp\/v2\/pages\/10515","targetHints":{"allow":["GET"]}}],"collection":[{"href":"https:\/\/www.surajpedicure.nl\/es\/wp-json\/wp\/v2\/pages"}],"about":[{"href":"https:\/\/www.surajpedicure.nl\/es\/wp-json\/wp\/v2\/types\/page"}],"author":[{"embeddable":true,"href":"https:\/\/www.surajpedicure.nl\/es\/wp-json\/wp\/v2\/users\/1"}],"replies":[{"embeddable":true,"href":"https:\/\/www.surajpedicure.nl\/es\/wp-json\/wp\/v2\/comments?post=10515"}],"version-history":[{"count":43,"href":"https:\/\/www.surajpedicure.nl\/es\/wp-json\/wp\/v2\/pages\/10515\/revisions"}],"predecessor-version":[{"id":11821,"href":"https:\/\/www.surajpedicure.nl\/es\/wp-json\/wp\/v2\/pages\/10515\/revisions\/11821"}],"wp:attachment":[{"href":"https:\/\/www.surajpedicure.nl\/es\/wp-json\/wp\/v2\/media?parent=10515"}],"curies":[{"name":"wp","href":"https:\/\/api.w.org\/{rel}","templated":true}]}}