{"id":10553,"date":"2020-06-06T01:32:40","date_gmt":"2020-06-05T23:32:40","guid":{"rendered":"https:\/\/surajpedicure.nl\/?page_id=10553"},"modified":"2023-08-24T03:18:16","modified_gmt":"2023-08-24T01:18:16","slug":"cookiebeleid","status":"publish","type":"page","link":"https:\/\/www.surajpedicure.nl\/de\/cookie-richtlinie\/","title":{"rendered":"Cookie-Richtlinie"},"content":{"rendered":"<div class=\"banner-grid-wrapper\">\n  <div id=\"banner-grid-382058696\" class=\"banner-grid row row-grid row-collapse\" data-packery-options=\"\">\n                      \n\n<div class=\"col grid-col small-12 large-12 grid-col-1\" ><div class=\"col-inner\">\n\n<div class=\"slider-wrapper relative\" id=\"slider-1380256294\" >\n    <div class=\"slider slider-type-fade slider-nav-circle slider-nav-large slider-nav-light slider-nav-outside slider-style-normal\"\n        data-flickity-options='{            \"cellAlign\": \"center\",            \"imagesLoaded\": true,            \"lazyLoad\": 1,            \"freeScroll\": false,            \"wrapAround\": true,            \"autoPlay\": 6000,            \"pauseAutoPlayOnHover\" : true,            \"prevNextButtons\": true,            \"contain\" : true,            \"adaptiveHeight\" : true,            \"dragThreshold\" : 10,            \"percentPosition\": true,            \"pageDots\": false,            \"rightToLeft\": false,            \"draggable\": true,            \"selectedAttraction\": 0.1,            \"parallax\" : 0,            \"friction\": 0.6        }'\n        >\n        \n\n\n  <div class=\"banner has-hover\" id=\"banner-946318054\">\n          <div class=\"banner-inner fill\">\n        <div class=\"banner-bg fill\" >\n            <img decoding=\"async\" width=\"1020\" height=\"679\" src=\"https:\/\/www.surajpedicure.nl\/wp-content\/uploads\/2020\/12\/shutterstock-143970364_1_orig-1024x682.jpg\" class=\"bg attachment-large size-large\" alt=\"\" title=\"\">                        <div class=\"overlay\"><\/div>            \n                    <\/div>\n\t\t\n        <div class=\"banner-layers container\">\n            <div class=\"fill banner-link\"><\/div>            \n\n   <div id=\"text-box-771644475\" class=\"text-box banner-layer x15 md-x15 lg-x15 y10 md-y10 lg-y10 res-text\">\n                                <div class=\"text-box-content text dark\">\n              \n              <div class=\"text-inner text-left\">\n                  \n\n<h3 class=\"alt-font\" style=\"text-align: left;\">Qualit\u00e4t.<\/h3>\n<h3 class=\"uppercase\" style=\"text-align: left;\"><span style=\"font-size: 100%;\"><strong>Wir stehen f\u00fcr Qualit\u00e4t.<\/strong><\/span><\/h3>\n<div class=\"is-divider divider clearfix\" ><\/div>\n\n\n              <\/div>\n           <\/div>\n                            \n<style>\n#text-box-771644475 {\n  width: 80%;\n}\n#text-box-771644475 .text-box-content {\n  font-size: 100%;\n}\n@media (min-width:550px) {\n  #text-box-771644475 {\n    width: 36%;\n  }\n}\n<\/style>\n    <\/div>\n \n\n        <\/div>\n      <\/div>\n\n            \n<style>\n#banner-946318054 {\n  padding-top: 280px;\n}\n#banner-946318054 .overlay {\n  background-color: rgba(0, 0, 0, 0.06);\n}\n#banner-946318054 .banner-bg img {\n  object-position: 0% 18%;\n}\n<\/style>\n  <\/div>\n\n\n\n     <\/div>\n\n     <div class=\"loading-spin dark large centered\"><\/div>\n\n\t<\/div>\n\n\n\n<\/div><\/div>\n\n            <\/div>\n    <style>\n    #banner-grid-382058696 .grid-col-1{height: 300px}\n    #banner-grid-382058696 .grid-col-1-2{height: 150px}\n    #banner-grid-382058696 .grid-col-1-3{height:100px}\n    #banner-grid-382058696 .grid-col-2-3{height: 200px}\n    #banner-grid-382058696 .grid-col-1-4{height: 75px}\n    #banner-grid-382058696 .grid-col-3-4{height: 225px}\n\n\n    \n    \n\n  <\/style>\n    <\/div>\n  \n\t<div id=\"gap-1174305524\" class=\"gap-element clearfix\" style=\"display:block; height:auto;\">\n\t\t\n<style>\n#gap-1174305524 {\n  padding-top: 10px;\n}\n<\/style>\n\t<\/div>\n\t\n\n<h1>Cookie-Richtlinie<\/h1>\n<h1 class=\"cookie-policy-h1\">Zuletzt aktualisiert: 24-Aug-2023<\/h1>\n<p><strong>Was sind Cookies?<\/strong><\/p>\n<p>In dieser Cookie-Richtlinie wird erkl\u00e4rt, was Cookies sind und wie wir sie verwenden, welche Arten von Cookies wir verwenden, welche Informationen wir mit Hilfe von Cookies sammeln und wie diese Informationen verwendet werden, und wie du die Cookie-Einstellungen verwalten kannst.<\/p>\n<p>Cookies sind kleine Textdateien, die dazu dienen, kleine Informationen zu speichern. Sie werden auf deinem Ger\u00e4t gespeichert, wenn die Website in deinem Browser geladen wird. Diese Cookies helfen uns, die Website ordnungsgem\u00e4\u00df zu betreiben, sie sicherer zu machen, das Nutzererlebnis zu verbessern, zu verstehen, wie die Website funktioniert, und zu analysieren, was funktioniert und wo Verbesserungen n\u00f6tig sind.<\/p>\n<p><strong>Wie verwenden wir Cookies?<\/strong><\/p>\n<p>Wie die meisten Online-Dienste verwendet auch unsere Website Erstanbieter- und Drittanbieter-Cookies f\u00fcr unterschiedliche Zwecke. Cookies von Drittanbietern sind in der Regel notwendig, damit die Website ordnungsgem\u00e4\u00df funktioniert, und sammeln keine personenbezogenen Daten.<\/p>\n<p>Cookies von Drittanbietern, die auf unserer Website verwendet werden, dienen in erster Linie dazu, zu verstehen, wie die Website funktioniert, wie du mit unserer Website interagierst, um unsere Dienste sicher zu halten, um f\u00fcr dich relevante Werbung zu schalten und alles in allem, um dir ein besseres und verbessertes Nutzererlebnis zu bieten und deine zuk\u00fcnftigen Interaktionen mit unserer Website zu beschleunigen.<\/p>\n<h5>Die Cookies, die wir verwenden<\/h5>\n<div class=\"cky-audit-table-element\">\u00a0<\/div>\n<p>\u00a0<\/p>\n<h5 style=\"margin-bottom: 20px;\">Cookies verwalten<\/h5>\n<p><a class=\"cky-banner-element\">Cookie-Konfiguration<\/a><\/p>\n<div>\n<p>Du kannst deine Cookie-Einstellungen jederzeit \u00e4ndern, indem du auf die Schaltfl\u00e4che oben klickst. So kannst du das Cookie-Einwilligungsbanner erneut aufrufen und deine Einstellungen \u00e4ndern oder deine Einwilligung sofort widerrufen.<\/p>\n<p>Au\u00dferdem bieten verschiedene Browser unterschiedliche Methoden zum Blockieren und L\u00f6schen von Cookies, die von Websites verwendet werden. Du kannst die Einstellungen deines Browsers \u00e4ndern, um Cookies zu blockieren\/l\u00f6schen. Im Folgenden findest du Links zu Dokumenten \u00fcber die Verwaltung und L\u00f6schung von Cookies in den wichtigsten Webbrowsern.<\/p>\n<p>Chrom: <a href=\"https:\/\/support.google.com\/accounts\/answer\/32050\" target=\"_blank\" rel=\"noopener noreferrer\">https:\/\/support.google.com\/accounts\/answer\/32050<\/a><\/p>\n<p>Safari: <a href=\"https:\/\/support.apple.com\/en-in\/guide\/safari\/sfri11471\/mac\" target=\"_blank\" rel=\"noopener noreferrer\">https:\/\/support.apple.com\/en-in\/guide\/safari\/sfri11471\/mac<\/a><\/p>\n<p>Firefox: <a href=\"https:\/\/support.mozilla.org\/en-US\/kb\/clear-cookies-and-site-data-firefox?redirectslug=delete-cookies-remove-info-websites-stored&amp;redirectlocale=en-US\" target=\"_blank\" rel=\"noopener noreferrer\">https:\/\/support.mozilla.org\/en-US\/kb\/clear-cookies-and-site-data-firefox?redirectslug=delete-cookies-remove-info-websites-stored&amp;redirectlocale=en-US<\/a><\/p>\n<p>Internet Explorer: <a href=\"https:\/\/support.microsoft.com\/en-us\/topic\/how-to-delete-cookie-files-in-internet-explorer-bca9446f-d873-78de-77ba-d42645fa52fc\" target=\"_blank\" rel=\"noopener noreferrer\">https:\/\/support.microsoft.com\/en-us\/topic\/how-to-delete-cookie-files-in-internet-explorer-bca9446f-d873-78de-77ba-d42645fa52fc<\/a><\/p>\n<p>Wenn du einen anderen Webbrowser verwendest, schau in den offiziellen Support-Dokumenten deines Browsers nach.<\/p>\n<\/div>","protected":false},"excerpt":{"rendered":"","protected":false},"author":1,"featured_media":0,"parent":0,"menu_order":0,"comment_status":"closed","ping_status":"closed","template":"","meta":{"inline_featured_image":false,"footnotes":""},"class_list":["post-10553","page","type-page","status-publish","hentry"],"_links":{"self":[{"href":"https:\/\/www.surajpedicure.nl\/de\/wp-json\/wp\/v2\/pages\/10553","targetHints":{"allow":["GET"]}}],"collection":[{"href":"https:\/\/www.surajpedicure.nl\/de\/wp-json\/wp\/v2\/pages"}],"about":[{"href":"https:\/\/www.surajpedicure.nl\/de\/wp-json\/wp\/v2\/types\/page"}],"author":[{"embeddable":true,"href":"https:\/\/www.surajpedicure.nl\/de\/wp-json\/wp\/v2\/users\/1"}],"replies":[{"embeddable":true,"href":"https:\/\/www.surajpedicure.nl\/de\/wp-json\/wp\/v2\/comments?post=10553"}],"version-history":[{"count":3,"href":"https:\/\/www.surajpedicure.nl\/de\/wp-json\/wp\/v2\/pages\/10553\/revisions"}],"predecessor-version":[{"id":11829,"href":"https:\/\/www.surajpedicure.nl\/de\/wp-json\/wp\/v2\/pages\/10553\/revisions\/11829"}],"wp:attachment":[{"href":"https:\/\/www.surajpedicure.nl\/de\/wp-json\/wp\/v2\/media?parent=10553"}],"curies":[{"name":"wp","href":"https:\/\/api.w.org\/{rel}","templated":true}]}}