{"id":10518,"date":"2020-06-01T00:35:06","date_gmt":"2020-05-31T22:35:06","guid":{"rendered":"https:\/\/surajpedicure.nl\/?page_id=10518"},"modified":"2025-03-05T20:58:40","modified_gmt":"2025-03-05T19:58:40","slug":"tarieven","status":"publish","type":"page","link":"https:\/\/www.surajpedicure.nl\/de\/preise\/","title":{"rendered":"Preise"},"content":{"rendered":"<div class=\"banner-grid-wrapper\">\n  <div id=\"banner-grid-907788368\" class=\"banner-grid row row-grid row-collapse\" data-packery-options=\"\">\n                      \n\n<div class=\"col grid-col small-12 large-12 grid-col-1\" ><div class=\"col-inner box-shadow-3\">\n\n\n  <div class=\"banner has-hover\" id=\"banner-1637245346\">\n          <div class=\"banner-inner fill\">\n        <div class=\"banner-bg fill\" >\n            <img decoding=\"async\" width=\"1100\" height=\"733\" src=\"https:\/\/www.surajpedicure.nl\/wp-content\/uploads\/2020\/12\/shutterstock-143970364_1_orig.jpg\" class=\"bg attachment-original size-original\" alt=\"\" title=\"\">                        <div class=\"overlay\"><\/div>            \n                    <\/div>\n\t\t\n        <div class=\"banner-layers container\">\n            <div class=\"fill banner-link\"><\/div>            \n\n   <div id=\"text-box-1542150963\" class=\"text-box banner-layer x10 md-x10 lg-x10 y10 md-y10 lg-y10 res-text\">\n                                <div class=\"text-box-content text dark\">\n              \n              <div class=\"text-inner text-left\">\n                  \n\n\t<div id=\"text-1194790252\" class=\"text\">\n\t\t\n\n<h3 class=\"alt-font\" style=\"text-align: left;\">Qualit\u00e4t.<\/h3>\n<h3 class=\"uppercase\" style=\"text-align: left;\"><span style=\"font-size: 100%;\"><strong>Wir stehen f\u00fcr Qualit\u00e4t.<\/strong><\/span><\/h3>\n\t\t\n<style>\n#text-1194790252 {\n  color: rgb(255,255,255);\n}\n#text-1194790252 > * {\n  color: rgb(255,255,255);\n}\n<\/style>\n\t<\/div>\n\t\n<div class=\"is-divider divider clearfix\" ><\/div>\n\n\n              <\/div>\n           <\/div>\n                            \n<style>\n#text-box-1542150963 {\n  width: 80%;\n}\n#text-box-1542150963 .text-box-content {\n  font-size: 100%;\n}\n@media (min-width:550px) {\n  #text-box-1542150963 {\n    width: 36%;\n  }\n}\n<\/style>\n    <\/div>\n \n   <div id=\"text-box-1200258961\" class=\"text-box banner-layer x100 md-x100 lg-x100 y0 md-y0 lg-y0 res-text\">\n                                <div class=\"text-box-content text dark\">\n              \n              <div class=\"text-inner text-center\">\n                  \n\n<h6 class=\"uppercase\">Suraj Medical Pedik\u00fcre Delft<\/h6>\n\n              <\/div>\n           <\/div>\n                            \n<style>\n#text-box-1200258961 {\n  width: 16%;\n}\n#text-box-1200258961 .text-box-content {\n  font-size: 100%;\n}\n<\/style>\n    <\/div>\n \n\n        <\/div>\n      <\/div>\n\n            \n<style>\n#banner-1637245346 {\n  padding-top: 280px;\n}\n#banner-1637245346 .overlay {\n  background-color: rgba(0,0,0,.5);\n}\n#banner-1637245346 .banner-bg img {\n  object-position: 2% 34%;\n}\n<\/style>\n  <\/div>\n\n\n\n<\/div><\/div>\n\n            <\/div>\n    <style>\n    #banner-grid-907788368 .grid-col-1{height: 300px}\n    #banner-grid-907788368 .grid-col-1-2{height: 150px}\n    #banner-grid-907788368 .grid-col-1-3{height:100px}\n    #banner-grid-907788368 .grid-col-2-3{height: 200px}\n    #banner-grid-907788368 .grid-col-1-4{height: 75px}\n    #banner-grid-907788368 .grid-col-3-4{height: 225px}\n\n\n    \n    \n\n  <\/style>\n    <\/div>\n  \n\t<div id=\"gap-402429788\" class=\"gap-element clearfix\" style=\"display:block; height:auto;\">\n\t\t\n<style>\n#gap-402429788 {\n  padding-top: 10px;\n}\n<\/style>\n\t<\/div>\n\t\n\n<h1>Preise<\/h1>\n<div class=\"row\"  id=\"row-1642465612\">\n\n\n\t<div id=\"col-2012903584\" class=\"col medium-4 small-10 large-4\"  >\n\t\t\t\t<div class=\"col-inner\"  >\n\t\t\t\n\t\t\t\n\n<h5 class=\"uppercase\"><span style=\"font-size: 80%;\">Pedik\u00fcre Behandlung<\/span><\/h5>\n<h6 class=\"thin-font\"><span style=\"font-size: 75%;\">PREIS IST VON<\/span><\/h6>\n<h6>\u00a0<\/h6>\n<h5 class=\"uppercase\"><span style=\"font-size: 80%;\">Behandlung l\u00e4nger als 30 Minuten<\/span><\/h5>\n<h6 class=\"thin-font\"><span style=\"font-size: 75%;\">Aufpreis pro 15 min.<\/span><\/h6>\n<h6>\u00a0<\/h6>\n<h5 class=\"uppercase\"><span style=\"font-size: 80%;\">Entspannende Fu\u00dfmassage<\/span><\/h5>\n<h6 class=\"thin-font\"><span style=\"font-size: 75%;\">Pro 15 min<\/span>.<\/h6>\n<h6>\u00a0<\/h6>\n<h5 class=\"uppercase\"><span style=\"font-size: 80%;\">Teilweise Behandlung<\/span><\/h5>\n<h6 class=\"thin-font\"><span style=\"font-size: 75%;\">z.B. 1 eingewachsener Nagel, Rate von<\/span><\/h6>\n<h6>\u00a0<\/h6>\n<h5 class=\"uppercase\"><span style=\"font-size: 80%;\">Notfallbehandlung (innerhalb von 24 Stunden)<\/span><\/h5>\n<h6 class=\"thin-font\"><span style=\"font-size: 75%;\">Zuschl\u00e4ge<\/span><\/h6>\n<h6 class=\"thin-font\">\u00a0<\/h6>\n\n\t\t<\/div>\n\t\t\t\t\t<\/div>\n\n\t\n\n\t<div id=\"col-1488130363\" class=\"col medium-2 small-1 large-2\"  >\n\t\t\t\t<div class=\"col-inner\"  >\n\t\t\t\n\t\t\t\n\n<h5 class=\"uppercase\"><span style=\"font-size: 80%;\">\u20ac48,&#8211;<\/span><\/h5>\n<h6>\u00a0<\/h6>\n<h6>\u00a0<\/h6>\n<h5 class=\"uppercase\"><span style=\"font-size: 80%;\">\u20ac25,&#8211;<\/span><\/h5>\n<h6>\u00a0<\/h6>\n<h6>\u00a0<\/h6>\n<h5 class=\"uppercase\"><span style=\"font-size: 80%;\">\u20ac30,&#8211;<\/span><\/h5>\n<h6>\u00a0<\/h6>\n<h6>\u00a0<\/h6>\n<h5 class=\"uppercase\"><span style=\"font-size: 80%;\">\u20ac30,&#8211;<\/span><\/h5>\n<h6>\u00a0<\/h6>\n<h6>\u00a0<\/h6>\n<h5 class=\"uppercase\"><span style=\"font-size: 80%;\">\u20ac25,&#8211;<\/span><\/h5>\n<h6>\u00a0<\/h6>\n<h6>\u00a0<\/h6>\n\n\n\t\t<\/div>\n\t\t\t\t\t<\/div>\n\n\t\n\n\t<div id=\"col-1740749952\" class=\"col medium-4 small-10 large-4\"  >\n\t\t\t\t<div class=\"col-inner\"  >\n\t\t\t\n\t\t\t\n\n<h5 class=\"uppercase\"><span style=\"font-size: 80%;\">Nagelreparatur pro Nagel<\/span><\/h5>\n<h6 class=\"thin-font\"><span style=\"font-size: 75%;\">Rate ist von<\/span><\/h6>\n<h6>\u00a0<\/h6>\n<h5 class=\"uppercase\"><span style=\"font-size: 80%;\">N\u00e4gel lackieren<\/span><\/h5>\n\n\t\t<\/div>\n\t\t\t\t\t<\/div>\n\n\t\n\n\t<div id=\"col-1815332618\" class=\"col medium-2 small-1 large-2\"  >\n\t\t\t\t<div class=\"col-inner\"  >\n\t\t\t\n\t\t\t\n\n<h5 class=\"uppercase\"><span style=\"font-size: 75%;\">\u20ac25,&#8211;<\/span><\/h5>\n<h6>\u00a0<\/h6>\n<h6>\u00a0<\/h6>\n<h5 class=\"uppercase\"><span style=\"font-size: 75%;\">\u20ac15,&#8211;<\/span><\/h5>\n\n\t\t<\/div>\n\t\t\t\t\t<\/div>\n\n\t\n\n<\/div>\n  <div class=\"banner-grid-wrapper\">\n  <div id=\"banner-grid-568691053\" class=\"banner-grid row row-grid row-collapse\" data-packery-options=\"\">\n                      \n\n<div class=\"col grid-col small-12 large-12 grid-col-2-3\" ><div class=\"col-inner box-shadow-3\">\n\n\n  <div class=\"banner has-hover\" id=\"banner-295856991\">\n          <div class=\"banner-inner fill\">\n        <div class=\"banner-bg fill\" >\n                                    <div class=\"overlay\"><\/div>            \n                    <\/div>\n\t\t\n        <div class=\"banner-layers container\">\n            <div class=\"fill banner-link\"><\/div>            \n\n\t<div class=\"img has-hover x100 md-x100 lg-x100 y100 md-y100 lg-y100\" id=\"image_674933595\">\n\t\t\t\t\t\t\t\t<div class=\"img-inner dark\" >\n\t\t\t<img decoding=\"async\" width=\"331\" height=\"210\" src=\"https:\/\/www.surajpedicure.nl\/wp-content\/uploads\/2022\/01\/Medisch-pedicure-Delft-en-Den-Haag.png\" class=\"attachment-large size-large\" alt=\"Medizinische Pedik\u00fcre Delft und Den Haag\" srcset=\"https:\/\/www.surajpedicure.nl\/wp-content\/uploads\/2022\/01\/Medisch-pedicure-Delft-en-Den-Haag.png 331w, https:\/\/www.surajpedicure.nl\/wp-content\/uploads\/2022\/01\/Medisch-pedicure-Delft-en-Den-Haag-300x190.png 300w\" sizes=\"(max-width: 331px) 100vw, 331px\" title=\"\">\t\t\t\t\t\t\n\t\t\t\t\t<\/div>\n\t\t\t\t\t\t\t\t\n<style>\n#image_674933595 {\n  width: 32%;\n}\n@media (min-width:550px) {\n  #image_674933595 {\n    width: 39%;\n  }\n}\n@media (min-width:850px) {\n  #image_674933595 {\n    width: 38%;\n  }\n}\n<\/style>\n\t<\/div>\n\t\n\n   <div id=\"text-box-1922911995\" class=\"text-box banner-layer x10 md-x10 lg-x10 y50 md-y50 lg-y50 res-text\">\n                                <div class=\"text-box-content text dark\">\n              \n              <div class=\"text-inner text-center\">\n                  \n\n\t<div id=\"text-2966142662\" class=\"text\">\n\t\t\n\n<h3 class=\"uppercase\">Nur das Beste f\u00fcr deine F\u00fc\u00dfe, denn du bist es wert!<\/h3>\n\t\t\n<style>\n#text-2966142662 {\n  text-align: left;\n  color: rgb(0,0,0);\n}\n#text-2966142662 > * {\n  color: rgb(0,0,0);\n}\n<\/style>\n\t<\/div>\n\t\n<a href=\"https:\/\/www.surajpedicure.nl\/de\/kontakt\/\" class=\"button success is-large\" style=\"border-radius:99px;\">\n\t<i class=\"icon-angle-right\" aria-hidden=\"true\"><\/i>\t<span>Vereinbare einen Termin<\/span>\n\t<\/a>\n\n\n\n              <\/div>\n           <\/div>\n                            \n<style>\n#text-box-1922911995 {\n  width: 83%;\n}\n#text-box-1922911995 .text-box-content {\n  font-size: 109%;\n}\n@media (min-width:550px) {\n  #text-box-1922911995 {\n    width: 100%;\n  }\n}\n@media (min-width:850px) {\n  #text-box-1922911995 {\n    width: 47%;\n  }\n  #text-box-1922911995 .text-box-content {\n    font-size: 100%;\n  }\n}\n<\/style>\n    <\/div>\n \n\n        <\/div>\n      <\/div>\n\n              <div class=\"height-fix is-invisible\"><\/div>\n            \n<style>\n#banner-295856991 .overlay {\n  background-color: rgba(0, 0, 0, 0.08);\n}\n<\/style>\n  <\/div>\n\n\n\n<\/div><\/div>\n\n            <\/div>\n    <style>\n    #banner-grid-568691053 .grid-col-1{height: 300px}\n    #banner-grid-568691053 .grid-col-1-2{height: 150px}\n    #banner-grid-568691053 .grid-col-1-3{height:100px}\n    #banner-grid-568691053 .grid-col-2-3{height: 200px}\n    #banner-grid-568691053 .grid-col-1-4{height: 75px}\n    #banner-grid-568691053 .grid-col-3-4{height: 225px}\n\n\n    \n    \n\n  <\/style>\n    <\/div>","protected":false},"excerpt":{"rendered":"","protected":false},"author":1,"featured_media":0,"parent":0,"menu_order":0,"comment_status":"closed","ping_status":"closed","template":"","meta":{"inline_featured_image":false,"footnotes":""},"class_list":["post-10518","page","type-page","status-publish","hentry"],"_links":{"self":[{"href":"https:\/\/www.surajpedicure.nl\/de\/wp-json\/wp\/v2\/pages\/10518","targetHints":{"allow":["GET"]}}],"collection":[{"href":"https:\/\/www.surajpedicure.nl\/de\/wp-json\/wp\/v2\/pages"}],"about":[{"href":"https:\/\/www.surajpedicure.nl\/de\/wp-json\/wp\/v2\/types\/page"}],"author":[{"embeddable":true,"href":"https:\/\/www.surajpedicure.nl\/de\/wp-json\/wp\/v2\/users\/1"}],"replies":[{"embeddable":true,"href":"https:\/\/www.surajpedicure.nl\/de\/wp-json\/wp\/v2\/comments?post=10518"}],"version-history":[{"count":100,"href":"https:\/\/www.surajpedicure.nl\/de\/wp-json\/wp\/v2\/pages\/10518\/revisions"}],"predecessor-version":[{"id":11893,"href":"https:\/\/www.surajpedicure.nl\/de\/wp-json\/wp\/v2\/pages\/10518\/revisions\/11893"}],"wp:attachment":[{"href":"https:\/\/www.surajpedicure.nl\/de\/wp-json\/wp\/v2\/media?parent=10518"}],"curies":[{"name":"wp","href":"https:\/\/api.w.org\/{rel}","templated":true}]}}